{"id":1388,"date":"2024-10-27T10:06:39","date_gmt":"2024-10-27T09:06:39","guid":{"rendered":"https:\/\/club-histogame.fr\/?page_id=1388"},"modified":"2026-04-25T22:55:41","modified_gmt":"2026-04-25T20:55:41","slug":"nos-ateliers","status":"publish","type":"page","link":"https:\/\/club-histogame.fr\/?page_id=1388","title":{"rendered":"NOS ATELIERS"},"content":{"rendered":"\t\t<div data-elementor-type=\"wp-page\" data-elementor-id=\"1388\" class=\"elementor elementor-1388\">\n\t\t\t\t<div class=\"elementor-element elementor-element-fdb6ade e-flex e-con-boxed wpr-particle-no wpr-jarallax-no wpr-parallax-no wpr-sticky-section-no wpr-equal-height-no e-con e-parent\" data-id=\"fdb6ade\" data-element_type=\"container\" data-e-type=\"container\">\n\t\t\t\t\t<div class=\"e-con-inner\">\n\t\t\t\t<div class=\"elementor-element elementor-element-c1c1497 elementor-widget elementor-widget-spacer\" data-id=\"c1c1497\" data-element_type=\"widget\" data-e-type=\"widget\" data-widget_type=\"spacer.default\">\n\t\t\t\t<div class=\"elementor-widget-container\">\n\t\t\t\t\t\t\t<div class=\"elementor-spacer\">\n\t\t\t<div class=\"elementor-spacer-inner\"><\/div>\n\t\t<\/div>\n\t\t\t\t\t\t<\/div>\n\t\t\t\t<\/div>\n\t\t\t\t<div class=\"elementor-element elementor-element-92b9ab5 elementor-widget elementor-widget-heading\" data-id=\"92b9ab5\" data-element_type=\"widget\" data-e-type=\"widget\" data-widget_type=\"heading.default\">\n\t\t\t\t<div class=\"elementor-widget-container\">\n\t\t\t\t\t<h2 class=\"elementor-heading-title elementor-size-default\">Ateliers d\u2019entretien et de r\u00e9paration pour pr\u00e9server le r\u00e9tro-gaming<\/h2>\t\t\t\t<\/div>\n\t\t\t\t<\/div>\n\t\t\t\t<div class=\"elementor-element elementor-element-9b74679 elementor-widget elementor-widget-spacer\" data-id=\"9b74679\" data-element_type=\"widget\" data-e-type=\"widget\" data-widget_type=\"spacer.default\">\n\t\t\t\t<div class=\"elementor-widget-container\">\n\t\t\t\t\t\t\t<div class=\"elementor-spacer\">\n\t\t\t<div class=\"elementor-spacer-inner\"><\/div>\n\t\t<\/div>\n\t\t\t\t\t\t<\/div>\n\t\t\t\t<\/div>\n\t\t\t\t<div class=\"elementor-element elementor-element-3535fa7 elementor-widget elementor-widget-text-editor\" data-id=\"3535fa7\" data-element_type=\"widget\" data-e-type=\"widget\" data-widget_type=\"text-editor.default\">\n\t\t\t\t<div class=\"elementor-widget-container\">\n\t\t\t\t\t\t\t\t\t<p>\u00a0<\/p><p>Dans notre association, nous croyons que chaque console, jeu et \u00e9cran vintage m\u00e9rite de fonctionner \u00e0 son meilleur pour traverser le temps. C\u2019est pourquoi nous organisons r\u00e9guli\u00e8rement des ateliers pratiques d\u00e9di\u00e9s \u00e0 l\u2019entretien et \u00e0 la r\u00e9paration du mat\u00e9riel. Ces sessions permettent aux passionn\u00e9s, d\u00e9butants comme confirm\u00e9s, d\u2019apprendre les techniques n\u00e9cessaires pour pr\u00e9server et restaurer leurs \u00e9quipements r\u00e9tro.<\/p><p>Nettoyage, remplacement de pi\u00e8ces d\u2019usure (comme les lecteurs CD et les condensateurs), initiation \u00e0 la soudure&#8230; Nos ateliers sont con\u00e7us pour transmettre des savoir-faire techniques essentiels, tout en encourageant la transmission des connaissances au sein de notre communaut\u00e9. Rejoignez-nous pour d\u00e9couvrir les secrets de la r\u00e9paration et redonner vie \u00e0 vos consoles et jeux pr\u00e9f\u00e9r\u00e9s !<\/p>\t\t\t\t\t\t\t\t<\/div>\n\t\t\t\t<\/div>\n\t\t\t\t<div class=\"elementor-element elementor-element-19cc49a elementor-widget elementor-widget-spacer\" data-id=\"19cc49a\" data-element_type=\"widget\" data-e-type=\"widget\" data-widget_type=\"spacer.default\">\n\t\t\t\t<div class=\"elementor-widget-container\">\n\t\t\t\t\t\t\t<div class=\"elementor-spacer\">\n\t\t\t<div class=\"elementor-spacer-inner\"><\/div>\n\t\t<\/div>\n\t\t\t\t\t\t<\/div>\n\t\t\t\t<\/div>\n\t\t\t\t\t<\/div>\n\t\t\t\t<\/div>\n\t\t\t\t<\/div>\n\t\t","protected":false},"excerpt":{"rendered":"<p>Ateliers d\u2019entretien et de r\u00e9paration pour pr\u00e9server le r\u00e9tro-gaming \u00a0 Dans notre association, nous croyons que chaque console, jeu et \u00e9cran vintage m\u00e9rite de fonctionner \u00e0 son meilleur pour traverser le temps. C\u2019est pourquoi nous organisons r\u00e9guli\u00e8rement des ateliers pratiques d\u00e9di\u00e9s \u00e0 l\u2019entretien et \u00e0 la r\u00e9paration du mat\u00e9riel. Ces sessions permettent aux passionn\u00e9s, d\u00e9butants comme confirm\u00e9s, d\u2019apprendre les techniques n\u00e9cessaires pour pr\u00e9server et restaurer leurs \u00e9quipements r\u00e9tro. Nettoyage, remplacement de pi\u00e8ces d\u2019usure (comme les lecteurs CD et les condensateurs), initiation \u00e0 la soudure&#8230; Nos ateliers sont con\u00e7us pour transmettre des savoir-faire techniques essentiels, tout en encourageant la transmission des connaissances au sein de notre communaut\u00e9. Rejoignez-nous pour d\u00e9couvrir les secrets de la r\u00e9paration et redonner vie \u00e0 vos consoles et jeux pr\u00e9f\u00e9r\u00e9s !<\/p>\n","protected":false},"author":1,"featured_media":0,"parent":0,"menu_order":0,"comment_status":"closed","ping_status":"closed","template":"","meta":{"footnotes":""},"folder":[],"class_list":["post-1388","page","type-page","status-publish","hentry"],"_links":{"self":[{"href":"https:\/\/club-histogame.fr\/index.php?rest_route=\/wp\/v2\/pages\/1388","targetHints":{"allow":["GET"]}}],"collection":[{"href":"https:\/\/club-histogame.fr\/index.php?rest_route=\/wp\/v2\/pages"}],"about":[{"href":"https:\/\/club-histogame.fr\/index.php?rest_route=\/wp\/v2\/types\/page"}],"author":[{"embeddable":true,"href":"https:\/\/club-histogame.fr\/index.php?rest_route=\/wp\/v2\/users\/1"}],"replies":[{"embeddable":true,"href":"https:\/\/club-histogame.fr\/index.php?rest_route=%2Fwp%2Fv2%2Fcomments&post=1388"}],"version-history":[{"count":19,"href":"https:\/\/club-histogame.fr\/index.php?rest_route=\/wp\/v2\/pages\/1388\/revisions"}],"predecessor-version":[{"id":1992,"href":"https:\/\/club-histogame.fr\/index.php?rest_route=\/wp\/v2\/pages\/1388\/revisions\/1992"}],"wp:attachment":[{"href":"https:\/\/club-histogame.fr\/index.php?rest_route=%2Fwp%2Fv2%2Fmedia&parent=1388"}],"wp:term":[{"taxonomy":"folder","embeddable":true,"href":"https:\/\/club-histogame.fr\/index.php?rest_route=%2Fwp%2Fv2%2Ffolder&post=1388"}],"curies":[{"name":"wp","href":"https:\/\/api.w.org\/{rel}","templated":true}]}}