{"id":1392,"date":"2024-10-27T10:07:19","date_gmt":"2024-10-27T09:07:19","guid":{"rendered":"https:\/\/club-histogame.fr\/?page_id=1392"},"modified":"2024-11-01T12:37:58","modified_gmt":"2024-11-01T11:37:58","slug":"contact","status":"publish","type":"page","link":"https:\/\/club-histogame.fr\/?page_id=1392","title":{"rendered":"CONTACT"},"content":{"rendered":"\t\t<div data-elementor-type=\"wp-page\" data-elementor-id=\"1392\" class=\"elementor elementor-1392\">\n\t\t\t\t<div class=\"elementor-element elementor-element-661c541 e-flex e-con-boxed wpr-particle-no wpr-jarallax-no wpr-parallax-no wpr-sticky-section-no e-con e-parent\" data-id=\"661c541\" data-element_type=\"container\" data-e-type=\"container\">\n\t\t\t\t\t<div class=\"e-con-inner\">\n\t\t\t\t<div class=\"elementor-element elementor-element-82a77e0 exad-sticky-section-no exad-glass-effect-no elementor-widget elementor-widget-spacer\" data-id=\"82a77e0\" data-element_type=\"widget\" data-e-type=\"widget\" data-widget_type=\"spacer.default\">\n\t\t\t\t<div class=\"elementor-widget-container\">\n\t\t\t\t\t\t\t<div class=\"elementor-spacer\">\n\t\t\t<div class=\"elementor-spacer-inner\"><\/div>\n\t\t<\/div>\n\t\t\t\t\t\t<\/div>\n\t\t\t\t<\/div>\n\t\t\t\t<div class=\"elementor-element elementor-element-8159240 exad-sticky-section-no exad-glass-effect-no elementor-widget elementor-widget-text-editor\" data-id=\"8159240\" data-element_type=\"widget\" data-e-type=\"widget\" data-widget_type=\"text-editor.default\">\n\t\t\t\t<div class=\"elementor-widget-container\">\n\t\t\t\t\t\t\t\t\t<p><strong>Nous sommes \u00e0 votre \u00e9coute !<\/strong><\/p><p>Vous souhaitez rejoindre notre communaut\u00e9 de passionn\u00e9s de jeux vid\u00e9o r\u00e9tros, obtenir un devis pour organiser un \u00e9v\u00e9nement unique, ou bien soutenir notre association \u00e0 travers un don ? Remplissez simplement ce formulaire de contact, et nous serons ravis de vous r\u00e9pondre et de vous accompagner dans vos d\u00e9marches.<\/p><p>Que ce soit pour devenir membre, collaborer sur un projet, ou contribuer \u00e0 notre mission de pr\u00e9servation et de partage du patrimoine vid\u00e9oludique, votre int\u00e9r\u00eat est pr\u00e9cieux pour nous.<\/p><p>Nous avons h\u00e2te de vous lire et de construire ensemble l\u2019avenir du jeu vid\u00e9o r\u00e9tro !<\/p>\t\t\t\t\t\t\t\t<\/div>\n\t\t\t\t<\/div>\n\t\t\t\t\t<\/div>\n\t\t\t\t<\/div>\n\t\t<div class=\"elementor-element elementor-element-b99fccf e-flex e-con-boxed wpr-particle-no wpr-jarallax-no wpr-parallax-no wpr-sticky-section-no e-con e-parent\" data-id=\"b99fccf\" data-element_type=\"container\" data-e-type=\"container\">\n\t\t\t\t\t<div class=\"e-con-inner\">\n\t\t\t\t<div class=\"elementor-element elementor-element-59f572a ekit_wpForms_container-form-button-custom exad-sticky-section-no exad-glass-effect-no elementor-widget elementor-widget-elementskit-wp-forms\" data-id=\"59f572a\" data-element_type=\"widget\" data-e-type=\"widget\" data-widget_type=\"elementskit-wp-forms.default\">\n\t\t\t\t<div class=\"elementor-widget-container\">\n\t\t\t\t\t<div class=\"ekit-wid-con ekit_wpForms_container\"><style id=\"wpforms-css-vars-1470\">\n\t\t\t\t#wpforms-1470 {\n\t\t\t\t\n\t\t\t}\n\t\t\t<\/style><div class=\"wpforms-container wpforms-container-full wpforms-render-modern\" id=\"wpforms-1470\"><form id=\"wpforms-form-1470\" class=\"wpforms-validate wpforms-form wpforms-ajax-form\" data-formid=\"1470\" method=\"post\" enctype=\"multipart\/form-data\" action=\"\/index.php?rest_route=%2Fwp%2Fv2%2Fpages&#038;_fields=content\" data-token=\"e373c00b8a0ad30f514b63bfc3e2cfd0\" data-token-time=\"1776152379\"><noscript class=\"wpforms-error-noscript\">Veuillez activer JavaScript dans votre navigateur pour remplir ce formulaire.<\/noscript><div id=\"wpforms-error-noscript\" style=\"display: none;\">Veuillez activer JavaScript dans votre navigateur pour remplir ce formulaire.<\/div><div class=\"wpforms-field-container\"><div id=\"wpforms-1470-field_1-container\" class=\"wpforms-field wpforms-field-name\" data-field-id=\"1\"><fieldset><legend class=\"wpforms-field-label\">Nom <span class=\"wpforms-required-label\" aria-hidden=\"true\">*<\/span><\/legend><div class=\"wpforms-field-row wpforms-field-medium\"><div class=\"wpforms-field-row-block wpforms-first wpforms-one-half\"><input type=\"text\" id=\"wpforms-1470-field_1\" class=\"wpforms-field-name-first wpforms-field-required\" name=\"wpforms[fields][1][first]\" aria-errormessage=\"wpforms-1470-field_1-error\" required><label for=\"wpforms-1470-field_1\" class=\"wpforms-field-sublabel after\">Pr\u00e9nom<\/label><\/div><div class=\"wpforms-field-row-block wpforms-one-half\"><input type=\"text\" id=\"wpforms-1470-field_1-last\" class=\"wpforms-field-name-last wpforms-field-required\" name=\"wpforms[fields][1][last]\" aria-errormessage=\"wpforms-1470-field_1-last-error\" required><label for=\"wpforms-1470-field_1-last\" class=\"wpforms-field-sublabel after\">Nom<\/label><\/div><\/div><\/fieldset><\/div><div id=\"wpforms-1470-field_2-container\" class=\"wpforms-field wpforms-field-email\" data-field-id=\"2\"><label class=\"wpforms-field-label\" for=\"wpforms-1470-field_2\">E-mail <span class=\"wpforms-required-label\" aria-hidden=\"true\">*<\/span><\/label><input type=\"email\" id=\"wpforms-1470-field_2\" class=\"wpforms-field-medium wpforms-field-required\" name=\"wpforms[fields][2]\" spellcheck=\"false\" aria-errormessage=\"wpforms-1470-field_2-error\" required><\/div><div id=\"wpforms-1470-field_4-container\" class=\"wpforms-field wpforms-field-radio\" data-field-id=\"4\"><fieldset><legend class=\"wpforms-field-label\">Choix multiple<\/legend><ul id=\"wpforms-1470-field_4\"><li class=\"choice-1 depth-1\"><input type=\"radio\" id=\"wpforms-1470-field_4_1\" name=\"wpforms[fields][4]\" value=\"Adh\u00e9rer\" aria-errormessage=\"wpforms-1470-field_4_1-error\"  ><label class=\"wpforms-field-label-inline\" for=\"wpforms-1470-field_4_1\">Adh\u00e9rer<\/label><\/li><li class=\"choice-2 depth-1\"><input type=\"radio\" id=\"wpforms-1470-field_4_2\" name=\"wpforms[fields][4]\" value=\"Demande de devis\" aria-errormessage=\"wpforms-1470-field_4_2-error\"  ><label class=\"wpforms-field-label-inline\" for=\"wpforms-1470-field_4_2\">Demande de devis<\/label><\/li><li class=\"choice-3 depth-1\"><input type=\"radio\" id=\"wpforms-1470-field_4_3\" name=\"wpforms[fields][4]\" value=\"Faire un don de mat\u00e9riel\/finanicer\" aria-errormessage=\"wpforms-1470-field_4_3-error\"  ><label class=\"wpforms-field-label-inline\" for=\"wpforms-1470-field_4_3\">Faire un don de mat\u00e9riel\/finanicer<\/label><\/li><\/ul><\/fieldset><\/div>\t\t<div id=\"wpforms-1470-field_5-container\"\n\t\t\tclass=\"wpforms-field wpforms-field-text\"\n\t\t\tdata-field-type=\"text\"\n\t\t\tdata-field-id=\"5\"\n\t\t\t>\n\t\t\t<label class=\"wpforms-field-label\" for=\"wpforms-1470-field_5\" >message Nom ou<\/label>\n\t\t\t<input type=\"text\" id=\"wpforms-1470-field_5\" class=\"wpforms-field-medium\" name=\"wpforms[fields][5]\" >\n\t\t<\/div>\n\t\t<div id=\"wpforms-1470-field_3-container\" class=\"wpforms-field wpforms-field-textarea\" data-field-id=\"3\"><label class=\"wpforms-field-label\" for=\"wpforms-1470-field_3\">Commentaire ou message<\/label><textarea id=\"wpforms-1470-field_3\" class=\"wpforms-field-medium\" name=\"wpforms[fields][3]\" aria-errormessage=\"wpforms-1470-field_3-error\" ><\/textarea><\/div><script>\n\t\t\t\t( function() {\n\t\t\t\t\tconst style = document.createElement( 'style' );\n\t\t\t\t\tstyle.appendChild( document.createTextNode( '#wpforms-1470-field_5-container { position: absolute !important; overflow: hidden !important; display: inline !important; height: 1px !important; width: 1px !important; z-index: -1000 !important; padding: 0 !important; } #wpforms-1470-field_5-container input { visibility: hidden; } #wpforms-conversational-form-page #wpforms-1470-field_5-container label { counter-increment: none; }' ) );\n\t\t\t\t\tdocument.head.appendChild( style );\n\t\t\t\t\tdocument.currentScript?.remove();\n\t\t\t\t} )();\n\t\t\t<\/script><\/div><!-- .wpforms-field-container --><div class=\"wpforms-submit-container\" ><input type=\"hidden\" name=\"wpforms[id]\" value=\"1470\"><input type=\"hidden\" name=\"page_title\" value=\"\"><input type=\"hidden\" name=\"page_url\" value=\"https:\/\/club-histogame.fr\/index.php?rest_route=\/wp\/v2\/pages&#038;_fields=content\"><input type=\"hidden\" name=\"url_referer\" value=\"\"><button type=\"submit\" name=\"wpforms[submit]\" id=\"wpforms-submit-1470\" class=\"wpforms-submit\" data-alt-text=\"Envoi...\" data-submit-text=\"Envoyer\" aria-live=\"assertive\" value=\"wpforms-submit\">Envoyer<\/button><img decoding=\"async\" src=\"https:\/\/club-histogame.fr\/wp-content\/plugins\/wpforms-lite\/assets\/images\/submit-spin.svg\" class=\"wpforms-submit-spinner\" style=\"display: none;\" width=\"26\" height=\"26\" alt=\"Chargement en cours\"><\/div><\/form><\/div>  <!-- .wpforms-container --><\/div>\t\t\t\t<\/div>\n\t\t\t\t<\/div>\n\t\t\t\t<div class=\"elementor-element elementor-element-4f70f93 exad-sticky-section-no exad-glass-effect-no elementor-widget elementor-widget-spacer\" data-id=\"4f70f93\" data-element_type=\"widget\" data-e-type=\"widget\" data-widget_type=\"spacer.default\">\n\t\t\t\t<div class=\"elementor-widget-container\">\n\t\t\t\t\t\t\t<div class=\"elementor-spacer\">\n\t\t\t<div class=\"elementor-spacer-inner\"><\/div>\n\t\t<\/div>\n\t\t\t\t\t\t<\/div>\n\t\t\t\t<\/div>\n\t\t\t\t\t<\/div>\n\t\t\t\t<\/div>\n\t\t\t\t<\/div>\n\t\t","protected":false},"excerpt":{"rendered":"<p>Nous sommes \u00e0 votre \u00e9coute ! Vous souhaitez rejoindre notre communaut\u00e9 de passionn\u00e9s de jeux vid\u00e9o r\u00e9tros, obtenir un devis pour organiser un \u00e9v\u00e9nement unique, ou bien soutenir notre association \u00e0 travers un don ? Remplissez simplement ce formulaire de contact, et nous serons ravis de vous r\u00e9pondre et de vous accompagner dans vos d\u00e9marches. Que ce soit pour devenir membre, collaborer sur un projet, ou contribuer \u00e0 notre mission de pr\u00e9servation et de partage du patrimoine vid\u00e9oludique, votre int\u00e9r\u00eat est pr\u00e9cieux pour nous. Nous avons h\u00e2te de vous lire et de construire ensemble l\u2019avenir du jeu vid\u00e9o r\u00e9tro ! Veuillez activer JavaScript dans votre navigateur pour remplir ce formulaire.Veuillez activer JavaScript dans votre navigateur pour remplir ce formulaire. Nom * Pr\u00e9nomNom E-mail * Choix multiple Adh\u00e9rer Demande de devis Faire un don de mat\u00e9riel\/finanicer Commentaire ou message Envoyer<\/p>\n","protected":false},"author":1,"featured_media":0,"parent":0,"menu_order":0,"comment_status":"closed","ping_status":"closed","template":"","meta":{"footnotes":""},"folder":[],"class_list":["post-1392","page","type-page","status-publish","hentry"],"_links":{"self":[{"href":"https:\/\/club-histogame.fr\/index.php?rest_route=\/wp\/v2\/pages\/1392","targetHints":{"allow":["GET"]}}],"collection":[{"href":"https:\/\/club-histogame.fr\/index.php?rest_route=\/wp\/v2\/pages"}],"about":[{"href":"https:\/\/club-histogame.fr\/index.php?rest_route=\/wp\/v2\/types\/page"}],"author":[{"embeddable":true,"href":"https:\/\/club-histogame.fr\/index.php?rest_route=\/wp\/v2\/users\/1"}],"replies":[{"embeddable":true,"href":"https:\/\/club-histogame.fr\/index.php?rest_route=%2Fwp%2Fv2%2Fcomments&post=1392"}],"version-history":[{"count":16,"href":"https:\/\/club-histogame.fr\/index.php?rest_route=\/wp\/v2\/pages\/1392\/revisions"}],"predecessor-version":[{"id":1560,"href":"https:\/\/club-histogame.fr\/index.php?rest_route=\/wp\/v2\/pages\/1392\/revisions\/1560"}],"wp:attachment":[{"href":"https:\/\/club-histogame.fr\/index.php?rest_route=%2Fwp%2Fv2%2Fmedia&parent=1392"}],"wp:term":[{"taxonomy":"folder","embeddable":true,"href":"https:\/\/club-histogame.fr\/index.php?rest_route=%2Fwp%2Fv2%2Ffolder&post=1392"}],"curies":[{"name":"wp","href":"https:\/\/api.w.org\/{rel}","templated":true}]}}