{"id":19,"date":"2024-10-06T12:37:06","date_gmt":"2024-10-06T10:37:06","guid":{"rendered":"https:\/\/club-histogame.fr\/?page_id=19"},"modified":"2026-04-26T01:17:05","modified_gmt":"2026-04-25T23:17:05","slug":"accueil","status":"publish","type":"page","link":"https:\/\/club-histogame.fr\/","title":{"rendered":"ACCUEIL"},"content":{"rendered":"\t\t<div data-elementor-type=\"wp-page\" data-elementor-id=\"19\" class=\"elementor elementor-19\">\n\t\t\t\t<div class=\"elementor-element elementor-element-903fb72 e-flex e-con-boxed wpr-particle-no wpr-jarallax-no wpr-parallax-no wpr-sticky-section-no wpr-equal-height-no e-con e-parent\" data-id=\"903fb72\" data-element_type=\"container\" data-e-type=\"container\">\n\t\t\t\t\t<div class=\"e-con-inner\">\n\t\t\t\t<div class=\"elementor-element elementor-element-86499dd elementor-widget__width-inherit elementor-widget elementor-widget-prime-slider-general\" data-id=\"86499dd\" data-element_type=\"widget\" data-e-type=\"widget\" data-widget_type=\"prime-slider-general.default\">\n\t\t\t\t<div class=\"elementor-widget-container\">\n\t\t\t\t\t\t\t<div class=\"bdt-prime-slider\">\n\t\t\t<div class=\"bdt-prime-slider-skin-general\">\n\t\t\t\t<div class=\"bdt-position-relative bdt-visible-toggle\" bdt-slideshow=\"{&quot;animation&quot;:&quot;fade&quot;,&quot;ratio&quot;:&quot;16:9&quot;,&quot;min-height&quot;:50,&quot;autoplay&quot;:true,&quot;autoplay-interval&quot;:5000,&quot;pause-on-hover&quot;:false,&quot;draggable&quot;:false,&quot;velocity&quot;:0.5,&quot;finite&quot;:false}\" data-settings=\"{&quot;id&quot;:&quot;#bdt-86499dd&quot;,&quot;animation_status&quot;:&quot;no&quot;}\" id=\"bdt-86499dd\">\n\t\t\t\t\t<ul class=\"bdt-slideshow-items\">\n\t\t\t\t\t\t\n\t\t\t<li\n\t\t\t\tclass=\"bdt-slideshow-item bdt-flex bdt-flex-middle bdt-flex-center elementor-repeater-item-32a89c8\">\n\t\t\t\t\t\t\t\t\t<div\n\t\t\t\t\t\tclass=\"bdt-position-cover bdt-animation-kenburns bdt-transform-origin-center-left\">\n\t\t\t\t\t\n\t\t\t\t\t\t\t\t\t\t\t\n\t\t<div class=\"bdt-ps-slide-img\" style=\"background-image: url('https:\/\/club-histogame.fr\/wp-content\/uploads\/2024\/10\/IMG_1000-scaled.jpg')\"><\/div>\n\n\t\t\t\t\t\t\t\n\t\t\t\t\t\t\t\t\t\t<\/div>\n\t\t\t\t\n\t\t\t\t\n\t\t\t\t\t\t<div class=\"bdt-prime-slider-wrapper\">\n\t\t\t<div class=\"bdt-prime-slider-content\">\n\t\t\t\t<div class=\"bdt-prime-slider-desc\">\n\n\t\t\t\t\t\n\t\t\t\t\t\n\t\t\t\t\t\n\t\t\t\t\t<div data-bdt-slideshow-parallax=\"x: 150,0,-30; opacity: 1,1,0\">\n\t\t\t\t\t\t<div class=\"bdt-btn-wrapper\">\n\t\t\t\t\t\t\t\t\t\t\t\t\t<\/div>\n\t\t\t\t\t<\/div>\n\t\t\t\t<\/div>\n\n\t\t\t\t\n\t\t\t<\/div>\n\t\t<\/div>\n\t\t\t\t\t<\/li>\n\n\t\t\n\t\t\t<li\n\t\t\t\tclass=\"bdt-slideshow-item bdt-flex bdt-flex-middle bdt-flex-center elementor-repeater-item-a09d8c2\">\n\t\t\t\t\t\t\t\t\t<div\n\t\t\t\t\t\tclass=\"bdt-position-cover bdt-animation-kenburns bdt-transform-origin-center-left\">\n\t\t\t\t\t\n\t\t\t\t\t\t\t\t\t\t\t\n\t\t<div class=\"bdt-ps-slide-img\" style=\"background-image: url('https:\/\/club-histogame.fr\/wp-content\/uploads\/2024\/10\/024A0382-scaled.jpg')\"><\/div>\n\n\t\t\t\t\t\t\t\n\t\t\t\t\t\t\t\t\t\t<\/div>\n\t\t\t\t\n\t\t\t\t\n\t\t\t\t\t\t<div class=\"bdt-prime-slider-wrapper\">\n\t\t\t<div class=\"bdt-prime-slider-content bdt-prime-slider-content\">\n\t\t\t\t<div class=\"bdt-prime-slider-desc\">\n\n\t\t\t\t\t\n\t\t\t\t\t\n\t\t\t\t\t\n\t\t\t\t\t<div data-bdt-slideshow-parallax=\"x: 150,0,-30; opacity: 1,1,0\">\n\t\t\t\t\t\t<div class=\"bdt-btn-wrapper\">\n\t\t\t\t\t\t\t\t\t\t\t\t\t<\/div>\n\t\t\t\t\t<\/div>\n\t\t\t\t<\/div>\n\n\t\t\t\t\n\t\t\t<\/div>\n\t\t<\/div>\n\t\t\t\t\t<\/li>\n\n\t\t\n\t\t\t<li\n\t\t\t\tclass=\"bdt-slideshow-item bdt-flex bdt-flex-middle bdt-flex-center elementor-repeater-item-ba0d305\">\n\t\t\t\t\t\t\t\t\t<div\n\t\t\t\t\t\tclass=\"bdt-position-cover bdt-animation-kenburns bdt-transform-origin-center-left\">\n\t\t\t\t\t\n\t\t\t\t\t\t\t\t\t\t\t\n\t\t<div class=\"bdt-ps-slide-img\" style=\"background-image: url('https:\/\/club-histogame.fr\/wp-content\/uploads\/2024\/10\/signal-2023-09-23-09-53-49-329.jpg')\"><\/div>\n\n\t\t\t\t\t\t\t\n\t\t\t\t\t\t\t\t\t\t<\/div>\n\t\t\t\t\n\t\t\t\t\n\t\t\t\t\t\t<div class=\"bdt-prime-slider-wrapper\">\n\t\t\t<div class=\"bdt-prime-slider-content bdt-prime-slider-content bdt-prime-slider-content\">\n\t\t\t\t<div class=\"bdt-prime-slider-desc\">\n\n\t\t\t\t\t\n\t\t\t\t\t\n\t\t\t\t\t\n\t\t\t\t\t<div data-bdt-slideshow-parallax=\"x: 150,0,-30; opacity: 1,1,0\">\n\t\t\t\t\t\t<div class=\"bdt-btn-wrapper\">\n\t\t\t\t\t\t\t\t\t\t\t\t\t<\/div>\n\t\t\t\t\t<\/div>\n\t\t\t\t<\/div>\n\n\t\t\t\t\n\t\t\t<\/div>\n\t\t<\/div>\n\t\t\t\t\t<\/li>\n\n\t\t\n\t\t\t<li\n\t\t\t\tclass=\"bdt-slideshow-item bdt-flex bdt-flex-middle bdt-flex-center elementor-repeater-item-c97200b\">\n\t\t\t\t\t\t\t\t\t<div\n\t\t\t\t\t\tclass=\"bdt-position-cover bdt-animation-kenburns bdt-transform-origin-center-left\">\n\t\t\t\t\t\n\t\t\t\t\t\t\t\t\t\t\t\n\t\t<div class=\"bdt-ps-slide-img\" style=\"background-image: url('https:\/\/club-histogame.fr\/wp-content\/uploads\/2024\/10\/024A0379-scaled.jpg')\"><\/div>\n\n\t\t\t\t\t\t\t\n\t\t\t\t\t\t\t\t\t\t<\/div>\n\t\t\t\t\n\t\t\t\t\n\t\t\t\t\t\t<div class=\"bdt-prime-slider-wrapper\">\n\t\t\t<div class=\"bdt-prime-slider-content bdt-prime-slider-content bdt-prime-slider-content bdt-prime-slider-content\">\n\t\t\t\t<div class=\"bdt-prime-slider-desc\">\n\n\t\t\t\t\t\n\t\t\t\t\t\n\t\t\t\t\t\n\t\t\t\t\t<div data-bdt-slideshow-parallax=\"x: 150,0,-30; opacity: 1,1,0\">\n\t\t\t\t\t\t<div class=\"bdt-btn-wrapper\">\n\t\t\t\t\t\t\t\t\t\t\t\t\t<\/div>\n\t\t\t\t\t<\/div>\n\t\t\t\t<\/div>\n\n\t\t\t\t\n\t\t\t<\/div>\n\t\t<\/div>\n\t\t\t\t\t<\/li>\n\n\t\t\n\t\t\t<li\n\t\t\t\tclass=\"bdt-slideshow-item bdt-flex bdt-flex-middle bdt-flex-center elementor-repeater-item-ef14141\">\n\t\t\t\t\t\t\t\t\t<div\n\t\t\t\t\t\tclass=\"bdt-position-cover bdt-animation-kenburns bdt-transform-origin-center-left\">\n\t\t\t\t\t\n\t\t\t\t\t\t\t\t\t\t\t\n\t\t<div class=\"bdt-ps-slide-img\" style=\"background-image: url('https:\/\/club-histogame.fr\/wp-content\/uploads\/2024\/10\/024A1248-1-scaled.jpg')\"><\/div>\n\n\t\t\t\t\t\t\t\n\t\t\t\t\t\t\t\t\t\t<\/div>\n\t\t\t\t\n\t\t\t\t\n\t\t\t\t\t\t<div class=\"bdt-prime-slider-wrapper\">\n\t\t\t<div class=\"bdt-prime-slider-content bdt-prime-slider-content bdt-prime-slider-content bdt-prime-slider-content bdt-prime-slider-content\">\n\t\t\t\t<div class=\"bdt-prime-slider-desc\">\n\n\t\t\t\t\t\n\t\t\t\t\t\n\t\t\t\t\t\n\t\t\t\t\t<div data-bdt-slideshow-parallax=\"x: 150,0,-30; opacity: 1,1,0\">\n\t\t\t\t\t\t<div class=\"bdt-btn-wrapper\">\n\t\t\t\t\t\t\t\t\t\t\t\t\t<\/div>\n\t\t\t\t\t<\/div>\n\t\t\t\t<\/div>\n\n\t\t\t\t\n\t\t\t<\/div>\n\t\t<\/div>\n\t\t\t\t\t<\/li>\n\n\t\t\n\t\t\t<li\n\t\t\t\tclass=\"bdt-slideshow-item bdt-flex bdt-flex-middle bdt-flex-center elementor-repeater-item-0308618\">\n\t\t\t\t\t\t\t\t\t<div\n\t\t\t\t\t\tclass=\"bdt-position-cover bdt-animation-kenburns bdt-transform-origin-center-left\">\n\t\t\t\t\t\n\t\t\t\t\t\t\t\t\t\t\t\n\t\t<div class=\"bdt-ps-slide-img\" style=\"background-image: url('https:\/\/club-histogame.fr\/wp-content\/uploads\/2024\/10\/024A6621-1-scaled.jpg')\"><\/div>\n\n\t\t\t\t\t\t\t\n\t\t\t\t\t\t\t\t\t\t<\/div>\n\t\t\t\t\n\t\t\t\t\n\t\t\t\t\t\t<div class=\"bdt-prime-slider-wrapper\">\n\t\t\t<div class=\"bdt-prime-slider-content bdt-prime-slider-content bdt-prime-slider-content bdt-prime-slider-content bdt-prime-slider-content bdt-prime-slider-content\">\n\t\t\t\t<div class=\"bdt-prime-slider-desc\">\n\n\t\t\t\t\t\n\t\t\t\t\t\n\t\t\t\t\t\n\t\t\t\t\t<div data-bdt-slideshow-parallax=\"x: 150,0,-30; opacity: 1,1,0\">\n\t\t\t\t\t\t<div class=\"bdt-btn-wrapper\">\n\t\t\t\t\t\t\t\t\t\t\t\t\t<\/div>\n\t\t\t\t\t<\/div>\n\t\t\t\t<\/div>\n\n\t\t\t\t\n\t\t\t<\/div>\n\t\t<\/div>\n\t\t\t\t\t<\/li>\n\n\t\t\n\t\t\t\t\t<\/ul>\n\t\t\t\t\t\n\t\t\t\t\t\t\t\t<div class=\"reveal-muted\">\n\t\t\t\t<a class=\"bdt-position-bottom-right bdt-prime-slider-previous\" href=\"#\" bdt-slidenav-previous\n\t\t\t\t\tbdt-slideshow-item=\"previous\"><\/a>\n\t\t\t\t<a class=\"bdt-position-bottom-right bdt-prime-slider-next\" href=\"#\" bdt-slidenav-next bdt-slideshow-item=\"next\"><\/a>\n\t\t\t<\/div>\n\n\t\t\n\t\t\t\t\t\t\t\n\t\t\t\t\t<div >\n\t\t\t\t<ul class=\"bdt-slideshow-nav bdt-dotnav bdt-margin-large bdt-position-bottom-left bdt-text-center reveal-muted\">\n\t\t\t\t<\/ul>\n\t\t\t<\/div>\n\t\t\n\t\t\t\t\t\t<\/div>\n\t\t\t\t\t\t\t\t\t\t\t<\/div>\n\t\t<\/div>\n\t\t\t\t\t\t<\/div>\n\t\t\t\t<\/div>\n\t\t\t\t\t<\/div>\n\t\t\t\t<\/div>\n\t\t<div class=\"elementor-element elementor-element-ae86a41 e-flex e-con-boxed wpr-particle-no wpr-jarallax-no wpr-parallax-no wpr-sticky-section-no wpr-equal-height-no e-con e-parent\" data-id=\"ae86a41\" data-element_type=\"container\" data-e-type=\"container\">\n\t\t\t\t\t<div class=\"e-con-inner\">\n\t\t\t\t<div class=\"elementor-element elementor-element-0c8d945 elementor-widget elementor-widget-spacer\" data-id=\"0c8d945\" data-element_type=\"widget\" data-e-type=\"widget\" data-widget_type=\"spacer.default\">\n\t\t\t\t<div class=\"elementor-widget-container\">\n\t\t\t\t\t\t\t<div class=\"elementor-spacer\">\n\t\t\t<div class=\"elementor-spacer-inner\"><\/div>\n\t\t<\/div>\n\t\t\t\t\t\t<\/div>\n\t\t\t\t<\/div>\n\t\t\t\t<div class=\"elementor-element elementor-element-259ccf0 elementor-widget elementor-widget-text-editor\" data-id=\"259ccf0\" data-element_type=\"widget\" data-e-type=\"widget\" data-widget_type=\"text-editor.default\">\n\t\t\t\t<div class=\"elementor-widget-container\">\n\t\t\t\t\t\t\t\t\t<h3><strong>L&rsquo;association<\/strong><\/h3>\t\t\t\t\t\t\t\t<\/div>\n\t\t\t\t<\/div>\n\t\t\t\t<div class=\"elementor-element elementor-element-8249d68 elementor-widget elementor-widget-spacer\" data-id=\"8249d68\" data-element_type=\"widget\" data-e-type=\"widget\" data-widget_type=\"spacer.default\">\n\t\t\t\t<div class=\"elementor-widget-container\">\n\t\t\t\t\t\t\t<div class=\"elementor-spacer\">\n\t\t\t<div class=\"elementor-spacer-inner\"><\/div>\n\t\t<\/div>\n\t\t\t\t\t\t<\/div>\n\t\t\t\t<\/div>\n\t\t\t\t<div class=\"elementor-element elementor-element-acdeb30 elementor-widget elementor-widget-text-editor\" data-id=\"acdeb30\" data-element_type=\"widget\" data-e-type=\"widget\" data-widget_type=\"text-editor.default\">\n\t\t\t\t<div class=\"elementor-widget-container\">\n\t\t\t\t\t\t\t\t\t<p>Histogame, fond\u00e9e en octobre 2013 sous le r\u00e9gime de la loi 1901, est une association d\u00e9di\u00e9e \u00e0 la pr\u00e9servation du patrimoine vid\u00e9oludique, tant par son histoire que par la conservation de consoles r\u00e9tro.<\/p><p>Nous avons pour mission de valoriser l&rsquo;h\u00e9ritage culturel du jeu vid\u00e9o \u00e0 travers des animations et des \u00e9v\u00e9nements organis\u00e9s dans des m\u00e9diath\u00e8ques, des salles des f\u00eates, et d&rsquo;autres lieux publics.<\/p><p>Rejoignez notre communaut\u00e9 pour vivre des moments de partage entre collectionneurs passionn\u00e9s et joueurs nostalgiques. Nous proposons \u00e9galement des ateliers d\u00e9di\u00e9s \u00e0 la r\u00e9paration et \u00e0 l&rsquo;entretien des consoles, permettant aux amateurs de redonner vie \u00e0 leurs machines embl\u00e9matiques.<\/p>\t\t\t\t\t\t\t\t<\/div>\n\t\t\t\t<\/div>\n\t\t\t\t\t<\/div>\n\t\t\t\t<\/div>\n\t\t<div class=\"elementor-element elementor-element-c7a83fe e-grid e-con-full wpr-particle-no wpr-jarallax-no wpr-parallax-no wpr-sticky-section-no wpr-equal-height-no e-con e-parent\" data-id=\"c7a83fe\" data-element_type=\"container\" data-e-type=\"container\">\n\t\t\t\t<div class=\"elementor-element elementor-element-6382733 elementor-widget elementor-widget-image\" data-id=\"6382733\" data-element_type=\"widget\" data-e-type=\"widget\" data-widget_type=\"image.default\">\n\t\t\t\t<div class=\"elementor-widget-container\">\n\t\t\t\t\t\t\t\t\t\t\t\t\t\t\t<img fetchpriority=\"high\" decoding=\"async\" width=\"800\" height=\"600\" src=\"https:\/\/club-histogame.fr\/wp-content\/uploads\/2024\/10\/20231124_213207-1024x768.jpg\" class=\"attachment-large size-large wp-image-1482\" alt=\"\" srcset=\"https:\/\/club-histogame.fr\/wp-content\/uploads\/2024\/10\/20231124_213207-1024x768.jpg 1024w, https:\/\/club-histogame.fr\/wp-content\/uploads\/2024\/10\/20231124_213207-300x225.jpg 300w, https:\/\/club-histogame.fr\/wp-content\/uploads\/2024\/10\/20231124_213207-768x576.jpg 768w, https:\/\/club-histogame.fr\/wp-content\/uploads\/2024\/10\/20231124_213207-1536x1152.jpg 1536w, https:\/\/club-histogame.fr\/wp-content\/uploads\/2024\/10\/20231124_213207-2048x1536.jpg 2048w\" sizes=\"(max-width: 800px) 100vw, 800px\" \/>\t\t\t\t\t\t\t\t\t\t\t\t\t\t\t<\/div>\n\t\t\t\t<\/div>\n\t\t\t\t<div class=\"elementor-element elementor-element-7a4b3b8 elementor-widget elementor-widget-image\" data-id=\"7a4b3b8\" data-element_type=\"widget\" data-e-type=\"widget\" data-widget_type=\"image.default\">\n\t\t\t\t<div class=\"elementor-widget-container\">\n\t\t\t\t\t\t\t\t\t\t\t\t\t\t\t<img decoding=\"async\" width=\"800\" height=\"600\" src=\"https:\/\/club-histogame.fr\/wp-content\/uploads\/2024\/10\/20231124_213235-1024x768.jpg\" class=\"attachment-large size-large wp-image-1485\" alt=\"\" srcset=\"https:\/\/club-histogame.fr\/wp-content\/uploads\/2024\/10\/20231124_213235-1024x768.jpg 1024w, https:\/\/club-histogame.fr\/wp-content\/uploads\/2024\/10\/20231124_213235-300x225.jpg 300w, https:\/\/club-histogame.fr\/wp-content\/uploads\/2024\/10\/20231124_213235-768x576.jpg 768w, https:\/\/club-histogame.fr\/wp-content\/uploads\/2024\/10\/20231124_213235-1536x1152.jpg 1536w, https:\/\/club-histogame.fr\/wp-content\/uploads\/2024\/10\/20231124_213235-2048x1536.jpg 2048w\" sizes=\"(max-width: 800px) 100vw, 800px\" \/>\t\t\t\t\t\t\t\t\t\t\t\t\t\t\t<\/div>\n\t\t\t\t<\/div>\n\t\t\t\t<div class=\"elementor-element elementor-element-b62c030 elementor-widget elementor-widget-image\" data-id=\"b62c030\" data-element_type=\"widget\" data-e-type=\"widget\" data-widget_type=\"image.default\">\n\t\t\t\t<div class=\"elementor-widget-container\">\n\t\t\t\t\t\t\t\t\t\t\t\t\t\t\t<img decoding=\"async\" width=\"800\" height=\"600\" src=\"https:\/\/club-histogame.fr\/wp-content\/uploads\/2024\/10\/20231124_2133371-1024x768.jpg\" class=\"attachment-large size-large wp-image-1487\" alt=\"\" srcset=\"https:\/\/club-histogame.fr\/wp-content\/uploads\/2024\/10\/20231124_2133371-1024x768.jpg 1024w, https:\/\/club-histogame.fr\/wp-content\/uploads\/2024\/10\/20231124_2133371-300x225.jpg 300w, https:\/\/club-histogame.fr\/wp-content\/uploads\/2024\/10\/20231124_2133371-768x576.jpg 768w, https:\/\/club-histogame.fr\/wp-content\/uploads\/2024\/10\/20231124_2133371-1536x1152.jpg 1536w, https:\/\/club-histogame.fr\/wp-content\/uploads\/2024\/10\/20231124_2133371-2048x1536.jpg 2048w\" sizes=\"(max-width: 800px) 100vw, 800px\" \/>\t\t\t\t\t\t\t\t\t\t\t\t\t\t\t<\/div>\n\t\t\t\t<\/div>\n\t\t\t\t<div class=\"elementor-element elementor-element-10e6e64 elementor-widget elementor-widget-image\" data-id=\"10e6e64\" data-element_type=\"widget\" data-e-type=\"widget\" data-widget_type=\"image.default\">\n\t\t\t\t<div class=\"elementor-widget-container\">\n\t\t\t\t\t\t\t\t\t\t\t\t\t\t\t<img loading=\"lazy\" decoding=\"async\" width=\"800\" height=\"600\" src=\"https:\/\/club-histogame.fr\/wp-content\/uploads\/2024\/10\/20231124_2132281-1024x768.jpg\" class=\"attachment-large size-large wp-image-1484\" alt=\"\" srcset=\"https:\/\/club-histogame.fr\/wp-content\/uploads\/2024\/10\/20231124_2132281-1024x768.jpg 1024w, https:\/\/club-histogame.fr\/wp-content\/uploads\/2024\/10\/20231124_2132281-300x225.jpg 300w, https:\/\/club-histogame.fr\/wp-content\/uploads\/2024\/10\/20231124_2132281-768x576.jpg 768w, https:\/\/club-histogame.fr\/wp-content\/uploads\/2024\/10\/20231124_2132281-1536x1152.jpg 1536w, https:\/\/club-histogame.fr\/wp-content\/uploads\/2024\/10\/20231124_2132281-2048x1536.jpg 2048w\" sizes=\"(max-width: 800px) 100vw, 800px\" \/>\t\t\t\t\t\t\t\t\t\t\t\t\t\t\t<\/div>\n\t\t\t\t<\/div>\n\t\t\t\t<div class=\"elementor-element elementor-element-f902926 elementor-widget elementor-widget-image\" data-id=\"f902926\" data-element_type=\"widget\" data-e-type=\"widget\" data-widget_type=\"image.default\">\n\t\t\t\t<div class=\"elementor-widget-container\">\n\t\t\t\t\t\t\t\t\t\t\t\t\t\t\t<img loading=\"lazy\" decoding=\"async\" width=\"800\" height=\"600\" src=\"https:\/\/club-histogame.fr\/wp-content\/uploads\/2024\/10\/20231124_2133161-1024x768.jpg\" class=\"attachment-large size-large wp-image-1486\" alt=\"\" srcset=\"https:\/\/club-histogame.fr\/wp-content\/uploads\/2024\/10\/20231124_2133161-1024x768.jpg 1024w, https:\/\/club-histogame.fr\/wp-content\/uploads\/2024\/10\/20231124_2133161-300x225.jpg 300w, https:\/\/club-histogame.fr\/wp-content\/uploads\/2024\/10\/20231124_2133161-768x576.jpg 768w, https:\/\/club-histogame.fr\/wp-content\/uploads\/2024\/10\/20231124_2133161-1536x1152.jpg 1536w, https:\/\/club-histogame.fr\/wp-content\/uploads\/2024\/10\/20231124_2133161-2048x1536.jpg 2048w\" sizes=\"(max-width: 800px) 100vw, 800px\" \/>\t\t\t\t\t\t\t\t\t\t\t\t\t\t\t<\/div>\n\t\t\t\t<\/div>\n\t\t\t\t<div class=\"elementor-element elementor-element-b8545b5 elementor-widget elementor-widget-image\" data-id=\"b8545b5\" data-element_type=\"widget\" data-e-type=\"widget\" data-widget_type=\"image.default\">\n\t\t\t\t<div class=\"elementor-widget-container\">\n\t\t\t\t\t\t\t\t\t\t\t\t\t\t\t<img loading=\"lazy\" decoding=\"async\" width=\"800\" height=\"600\" src=\"https:\/\/club-histogame.fr\/wp-content\/uploads\/2024\/10\/20231124_213221-1024x768.jpg\" class=\"attachment-large size-large wp-image-1483\" alt=\"\" srcset=\"https:\/\/club-histogame.fr\/wp-content\/uploads\/2024\/10\/20231124_213221-1024x768.jpg 1024w, https:\/\/club-histogame.fr\/wp-content\/uploads\/2024\/10\/20231124_213221-300x225.jpg 300w, https:\/\/club-histogame.fr\/wp-content\/uploads\/2024\/10\/20231124_213221-768x576.jpg 768w, https:\/\/club-histogame.fr\/wp-content\/uploads\/2024\/10\/20231124_213221-1536x1152.jpg 1536w, https:\/\/club-histogame.fr\/wp-content\/uploads\/2024\/10\/20231124_213221-2048x1536.jpg 2048w\" sizes=\"(max-width: 800px) 100vw, 800px\" \/>\t\t\t\t\t\t\t\t\t\t\t\t\t\t\t<\/div>\n\t\t\t\t<\/div>\n\t\t\t\t<\/div>\n\t\t<div class=\"elementor-element elementor-element-1e35be3 e-flex e-con-boxed wpr-particle-no wpr-jarallax-no wpr-parallax-no wpr-sticky-section-no wpr-equal-height-no e-con e-parent\" data-id=\"1e35be3\" data-element_type=\"container\" data-e-type=\"container\">\n\t\t\t\t\t<div class=\"e-con-inner\">\n\t\t\t\t<div class=\"elementor-element elementor-element-3396aea elementor-widget elementor-widget-spacer\" data-id=\"3396aea\" data-element_type=\"widget\" data-e-type=\"widget\" data-widget_type=\"spacer.default\">\n\t\t\t\t<div class=\"elementor-widget-container\">\n\t\t\t\t\t\t\t<div class=\"elementor-spacer\">\n\t\t\t<div class=\"elementor-spacer-inner\"><\/div>\n\t\t<\/div>\n\t\t\t\t\t\t<\/div>\n\t\t\t\t<\/div>\n\t\t\t\t<div class=\"elementor-element elementor-element-6e153df elementor-widget elementor-widget-text-editor\" data-id=\"6e153df\" data-element_type=\"widget\" data-e-type=\"widget\" data-widget_type=\"text-editor.default\">\n\t\t\t\t<div class=\"elementor-widget-container\">\n\t\t\t\t\t\t\t\t\t<h3><b>HISTOGAME c&rsquo;est quoi ?<\/b><\/h3>\t\t\t\t\t\t\t\t<\/div>\n\t\t\t\t<\/div>\n\t\t\t\t<div class=\"elementor-element elementor-element-a3b23e5 elementor-widget elementor-widget-spacer\" data-id=\"a3b23e5\" data-element_type=\"widget\" data-e-type=\"widget\" data-widget_type=\"spacer.default\">\n\t\t\t\t<div class=\"elementor-widget-container\">\n\t\t\t\t\t\t\t<div class=\"elementor-spacer\">\n\t\t\t<div class=\"elementor-spacer-inner\"><\/div>\n\t\t<\/div>\n\t\t\t\t\t\t<\/div>\n\t\t\t\t<\/div>\n\t\t\t\t<div class=\"elementor-element elementor-element-321680c elementor-widget elementor-widget-text-editor\" data-id=\"321680c\" data-element_type=\"widget\" data-e-type=\"widget\" data-widget_type=\"text-editor.default\">\n\t\t\t\t<div class=\"elementor-widget-container\">\n\t\t\t\t\t\t\t\t\t<p>Histogame est une association anim\u00e9e par une \u00e9quipe de b\u00e9n\u00e9voles passionn\u00e9s qui ont \u00e0 c\u0153ur de faire revivre et de valoriser le patrimoine vid\u00e9oludique. Depuis sa cr\u00e9ation, l&rsquo;association s&rsquo;est forg\u00e9e une solide exp\u00e9rience dans l&rsquo;organisation d&rsquo;\u00e9v\u00e9nements de petite et moyenne envergure, offrant aux participants des moments d&rsquo;\u00e9change inoubliables autour des jeux vid\u00e9o r\u00e9tro.<\/p><p>Nos b\u00e9n\u00e9voles se mobilisent pour concevoir et animer des \u00e9v\u00e9nements vari\u00e9s, collaborant \u00e9troitement avec des m\u00e9diath\u00e8ques, des collectivit\u00e9s et d&rsquo;autres structures publiques qui nous font confiance pour apporter une touche de nostalgie et de d\u00e9couverte aux amateurs de jeux vid\u00e9o de tous \u00e2ges. Ces \u00e9v\u00e9nements permettent de mettre en lumi\u00e8re non seulement l&rsquo;histoire du jeu vid\u00e9o, mais aussi de favoriser un v\u00e9ritable esprit d&rsquo;entraide et de partage entre g\u00e9n\u00e9rations.<\/p><p>En participant aux activit\u00e9s du Club Histogame, chacun peut d\u00e9couvrir des consoles r\u00e9tro, des jeux embl\u00e9matiques, et s&rsquo;immerger dans un univers qui a marqu\u00e9 l&rsquo;histoire du divertissement. Nous cultivons un esprit de convivialit\u00e9 et de collaboration, que ce soit lors d&rsquo;ateliers de r\u00e9paration de consoles, de soir\u00e9es entre collectionneurs, ou de rencontres ouvertes au public. Notre engagement envers la communaut\u00e9 se traduit par des actions concr\u00e8tes, visant \u00e0 rassembler et \u00e0 partager notre passion pour le jeu vid\u00e9o sous toutes ses formes.<\/p>\t\t\t\t\t\t\t\t<\/div>\n\t\t\t\t<\/div>\n\t\t\t\t<div class=\"elementor-element elementor-element-9644499 elementor-widget elementor-widget-spacer\" data-id=\"9644499\" data-element_type=\"widget\" data-e-type=\"widget\" data-widget_type=\"spacer.default\">\n\t\t\t\t<div class=\"elementor-widget-container\">\n\t\t\t\t\t\t\t<div class=\"elementor-spacer\">\n\t\t\t<div class=\"elementor-spacer-inner\"><\/div>\n\t\t<\/div>\n\t\t\t\t\t\t<\/div>\n\t\t\t\t<\/div>\n\t\t<div class=\"elementor-element elementor-element-ee39d09 e-con-full e-flex wpr-particle-no wpr-jarallax-no wpr-parallax-no wpr-sticky-section-no wpr-equal-height-no e-con e-child\" data-id=\"ee39d09\" data-element_type=\"container\" data-e-type=\"container\">\n\t\t\t\t<\/div>\n\t\t\t\t\t<\/div>\n\t\t\t\t<\/div>\n\t\t\t\t<\/div>\n\t\t","protected":false},"excerpt":{"rendered":"<p>L&rsquo;association Histogame, fond\u00e9e en octobre 2013 sous le r\u00e9gime de la loi 1901, est une association d\u00e9di\u00e9e \u00e0 la pr\u00e9servation du patrimoine vid\u00e9oludique, tant par son histoire que par la conservation de consoles r\u00e9tro. Nous avons pour mission de valoriser l&rsquo;h\u00e9ritage culturel du jeu vid\u00e9o \u00e0 travers des animations et des \u00e9v\u00e9nements organis\u00e9s dans des m\u00e9diath\u00e8ques, des salles des f\u00eates, et d&rsquo;autres lieux publics. Rejoignez notre communaut\u00e9 pour vivre des moments de partage entre collectionneurs passionn\u00e9s et joueurs nostalgiques. Nous proposons \u00e9galement des ateliers d\u00e9di\u00e9s \u00e0 la r\u00e9paration et \u00e0 l&rsquo;entretien des consoles, permettant aux amateurs de redonner vie \u00e0 leurs machines embl\u00e9matiques. HISTOGAME c&rsquo;est quoi ? Histogame est une association anim\u00e9e par une \u00e9quipe de b\u00e9n\u00e9voles passionn\u00e9s qui ont \u00e0 c\u0153ur de faire revivre et de valoriser le patrimoine vid\u00e9oludique. Depuis sa cr\u00e9ation, l&rsquo;association s&rsquo;est forg\u00e9e une solide exp\u00e9rience dans l&rsquo;organisation d&rsquo;\u00e9v\u00e9nements de petite et moyenne envergure, offrant aux participants des moments d&rsquo;\u00e9change inoubliables autour des jeux vid\u00e9o r\u00e9tro. Nos b\u00e9n\u00e9voles se mobilisent pour concevoir et animer des \u00e9v\u00e9nements vari\u00e9s, collaborant \u00e9troitement avec des m\u00e9diath\u00e8ques, des collectivit\u00e9s et d&rsquo;autres structures publiques qui nous font confiance pour apporter une touche de nostalgie et de d\u00e9couverte aux amateurs de jeux vid\u00e9o de tous \u00e2ges. Ces \u00e9v\u00e9nements permettent de mettre en lumi\u00e8re non seulement l&rsquo;histoire du jeu vid\u00e9o, mais aussi de favoriser un v\u00e9ritable esprit d&rsquo;entraide et de partage entre g\u00e9n\u00e9rations. En participant aux activit\u00e9s du Club Histogame, chacun peut d\u00e9couvrir des consoles r\u00e9tro, des jeux embl\u00e9matiques, et s&rsquo;immerger dans un univers qui a marqu\u00e9 l&rsquo;histoire du divertissement. Nous cultivons un esprit de convivialit\u00e9 et de collaboration, que ce soit lors d&rsquo;ateliers de r\u00e9paration de consoles, de soir\u00e9es entre collectionneurs, ou de rencontres ouvertes au public. Notre engagement envers la communaut\u00e9 se traduit par des actions concr\u00e8tes, visant \u00e0 rassembler et \u00e0 partager notre passion pour le jeu vid\u00e9o sous toutes ses formes.<\/p>\n","protected":false},"author":1,"featured_media":0,"parent":0,"menu_order":0,"comment_status":"closed","ping_status":"closed","template":"","meta":{"footnotes":""},"folder":[],"class_list":["post-19","page","type-page","status-publish","hentry"],"_links":{"self":[{"href":"https:\/\/club-histogame.fr\/index.php?rest_route=\/wp\/v2\/pages\/19","targetHints":{"allow":["GET"]}}],"collection":[{"href":"https:\/\/club-histogame.fr\/index.php?rest_route=\/wp\/v2\/pages"}],"about":[{"href":"https:\/\/club-histogame.fr\/index.php?rest_route=\/wp\/v2\/types\/page"}],"author":[{"embeddable":true,"href":"https:\/\/club-histogame.fr\/index.php?rest_route=\/wp\/v2\/users\/1"}],"replies":[{"embeddable":true,"href":"https:\/\/club-histogame.fr\/index.php?rest_route=%2Fwp%2Fv2%2Fcomments&post=19"}],"version-history":[{"count":70,"href":"https:\/\/club-histogame.fr\/index.php?rest_route=\/wp\/v2\/pages\/19\/revisions"}],"predecessor-version":[{"id":2016,"href":"https:\/\/club-histogame.fr\/index.php?rest_route=\/wp\/v2\/pages\/19\/revisions\/2016"}],"wp:attachment":[{"href":"https:\/\/club-histogame.fr\/index.php?rest_route=%2Fwp%2Fv2%2Fmedia&parent=19"}],"wp:term":[{"taxonomy":"folder","embeddable":true,"href":"https:\/\/club-histogame.fr\/index.php?rest_route=%2Fwp%2Fv2%2Ffolder&post=19"}],"curies":[{"name":"wp","href":"https:\/\/api.w.org\/{rel}","templated":true}]}}