{"id":30,"date":"2024-10-06T12:35:56","date_gmt":"2024-10-06T10:35:56","guid":{"rendered":"https:\/\/club-histogame.fr\/?page_id=30"},"modified":"2026-04-25T22:54:53","modified_gmt":"2026-04-25T20:54:53","slug":"soirees","status":"publish","type":"page","link":"https:\/\/club-histogame.fr\/?page_id=30","title":{"rendered":"NOS SOIR\u00c9ES"},"content":{"rendered":"\t\t<div data-elementor-type=\"wp-page\" data-elementor-id=\"30\" class=\"elementor elementor-30\">\n\t\t\t\t<div class=\"elementor-element elementor-element-e00e6b1 e-flex e-con-boxed wpr-particle-no wpr-jarallax-no wpr-parallax-no wpr-sticky-section-no wpr-equal-height-no e-con e-parent\" data-id=\"e00e6b1\" data-element_type=\"container\" data-e-type=\"container\">\n\t\t\t\t\t<div class=\"e-con-inner\">\n\t\t\t\t<div class=\"elementor-element elementor-element-3069896 elementor-widget elementor-widget-spacer\" data-id=\"3069896\" data-element_type=\"widget\" data-e-type=\"widget\" data-widget_type=\"spacer.default\">\n\t\t\t\t<div class=\"elementor-widget-container\">\n\t\t\t\t\t\t\t<div class=\"elementor-spacer\">\n\t\t\t<div class=\"elementor-spacer-inner\"><\/div>\n\t\t<\/div>\n\t\t\t\t\t\t<\/div>\n\t\t\t\t<\/div>\n\t\t\t\t<div class=\"elementor-element elementor-element-cd3e9a3 elementor-widget elementor-widget-heading\" data-id=\"cd3e9a3\" data-element_type=\"widget\" data-e-type=\"widget\" data-widget_type=\"heading.default\">\n\t\t\t\t<div class=\"elementor-widget-container\">\n\t\t\t\t\t<h2 class=\"elementor-heading-title elementor-size-default\">Des soir\u00e9es conviviales pour partager notre passion<\/h2>\t\t\t\t<\/div>\n\t\t\t\t<\/div>\n\t\t\t\t<div class=\"elementor-element elementor-element-2afe5ba elementor-widget elementor-widget-spacer\" data-id=\"2afe5ba\" data-element_type=\"widget\" data-e-type=\"widget\" data-widget_type=\"spacer.default\">\n\t\t\t\t<div class=\"elementor-widget-container\">\n\t\t\t\t\t\t\t<div class=\"elementor-spacer\">\n\t\t\t<div class=\"elementor-spacer-inner\"><\/div>\n\t\t<\/div>\n\t\t\t\t\t\t<\/div>\n\t\t\t\t<\/div>\n\t\t\t\t<div class=\"elementor-element elementor-element-8bbd40d elementor-widget elementor-widget-text-editor\" data-id=\"8bbd40d\" data-element_type=\"widget\" data-e-type=\"widget\" data-widget_type=\"text-editor.default\">\n\t\t\t\t<div class=\"elementor-widget-container\">\n\t\t\t\t\t\t\t\t\t<p>\u00a0<\/p><p>Au c\u0153ur de la vie associative, nos soir\u00e9es sont des moments privil\u00e9gi\u00e9s pour se retrouver autour de notre passion commune pour les jeux vid\u00e9o r\u00e9tro. Organis\u00e9es r\u00e9guli\u00e8rement, ces rencontres permettent \u00e0 nos membres et \u00e0 nos invit\u00e9s de revivre ensemble l\u2019ambiance unique des consoles et jeux d\u2019autrefois, dans un cadre chaleureux et amical.<\/p><p>Qu\u2019il s\u2019agisse de tournois, de sessions de d\u00e9couverte de jeux rares ou de simples soir\u00e9es d\u2019\u00e9changes, chaque \u00e9v\u00e9nement est une occasion de renforcer les liens, de partager des anecdotes et de s\u2019immerger dans un univers qui nous rassemble. Rejoignez-nous lors de nos prochaines soir\u00e9es et vivez des moments inoubliables avec toute la communaut\u00e9 !<\/p>\t\t\t\t\t\t\t\t<\/div>\n\t\t\t\t<\/div>\n\t\t\t\t<div class=\"elementor-element elementor-element-aebc1a1 elementor-widget elementor-widget-spacer\" data-id=\"aebc1a1\" data-element_type=\"widget\" data-e-type=\"widget\" data-widget_type=\"spacer.default\">\n\t\t\t\t<div class=\"elementor-widget-container\">\n\t\t\t\t\t\t\t<div class=\"elementor-spacer\">\n\t\t\t<div class=\"elementor-spacer-inner\"><\/div>\n\t\t<\/div>\n\t\t\t\t\t\t<\/div>\n\t\t\t\t<\/div>\n\t\t\t\t\t<\/div>\n\t\t\t\t<\/div>\n\t\t\t\t<\/div>\n\t\t","protected":false},"excerpt":{"rendered":"<p>Des soir\u00e9es conviviales pour partager notre passion \u00a0 Au c\u0153ur de la vie associative, nos soir\u00e9es sont des moments privil\u00e9gi\u00e9s pour se retrouver autour de notre passion commune pour les jeux vid\u00e9o r\u00e9tro. Organis\u00e9es r\u00e9guli\u00e8rement, ces rencontres permettent \u00e0 nos membres et \u00e0 nos invit\u00e9s de revivre ensemble l\u2019ambiance unique des consoles et jeux d\u2019autrefois, dans un cadre chaleureux et amical. Qu\u2019il s\u2019agisse de tournois, de sessions de d\u00e9couverte de jeux rares ou de simples soir\u00e9es d\u2019\u00e9changes, chaque \u00e9v\u00e9nement est une occasion de renforcer les liens, de partager des anecdotes et de s\u2019immerger dans un univers qui nous rassemble. Rejoignez-nous lors de nos prochaines soir\u00e9es et vivez des moments inoubliables avec toute la communaut\u00e9 !<\/p>\n","protected":false},"author":1,"featured_media":0,"parent":0,"menu_order":0,"comment_status":"closed","ping_status":"closed","template":"","meta":{"footnotes":""},"folder":[],"class_list":["post-30","page","type-page","status-publish","hentry"],"_links":{"self":[{"href":"https:\/\/club-histogame.fr\/index.php?rest_route=\/wp\/v2\/pages\/30","targetHints":{"allow":["GET"]}}],"collection":[{"href":"https:\/\/club-histogame.fr\/index.php?rest_route=\/wp\/v2\/pages"}],"about":[{"href":"https:\/\/club-histogame.fr\/index.php?rest_route=\/wp\/v2\/types\/page"}],"author":[{"embeddable":true,"href":"https:\/\/club-histogame.fr\/index.php?rest_route=\/wp\/v2\/users\/1"}],"replies":[{"embeddable":true,"href":"https:\/\/club-histogame.fr\/index.php?rest_route=%2Fwp%2Fv2%2Fcomments&post=30"}],"version-history":[{"count":18,"href":"https:\/\/club-histogame.fr\/index.php?rest_route=\/wp\/v2\/pages\/30\/revisions"}],"predecessor-version":[{"id":1982,"href":"https:\/\/club-histogame.fr\/index.php?rest_route=\/wp\/v2\/pages\/30\/revisions\/1982"}],"wp:attachment":[{"href":"https:\/\/club-histogame.fr\/index.php?rest_route=%2Fwp%2Fv2%2Fmedia&parent=30"}],"wp:term":[{"taxonomy":"folder","embeddable":true,"href":"https:\/\/club-histogame.fr\/index.php?rest_route=%2Fwp%2Fv2%2Ffolder&post=30"}],"curies":[{"name":"wp","href":"https:\/\/api.w.org\/{rel}","templated":true}]}}